{"id":2905,"date":"2020-10-21T15:46:46","date_gmt":"2020-10-21T15:46:46","guid":{"rendered":"https:\/\/www.irudibiziak.com\/?page_id=2905"},"modified":"2026-04-15T08:37:23","modified_gmt":"2026-04-15T08:37:23","slug":"zineskola-dbh-2018-19-bilbo","status":"publish","type":"page","link":"https:\/\/www.irudibiziak.com\/eu\/zineskola-dbh-2018-19-bilbo\/","title":{"rendered":"ZINESKOLA DBH Bilbo"},"content":{"rendered":"<p>&nbsp;<\/p>\n<h3 style=\"text-align: center\">Disc\u00falpanos.<\/h3>\n<h3 style=\"text-align: center\">Este contenido queda restringido a participantes del alguno de los programas en activo<\/h3>\n<p>&nbsp;<\/p>\n<h3 style=\"text-align: center\"><strong>Si accediste con tu usuario y contrase\u00f1a de forma correcta,<br \/>\nelige el programa en el que estas registrado\/a a trav\u00e9s de la opci\u00f3n \"PROGRAMAS\" del men\u00fa principal<\/strong><\/h3>\n","protected":false},"excerpt":{"rendered":"<p>&nbsp; Disc\u00falpanos. Este contenido queda restringido a participantes del alguno de los programas en activo &nbsp; Si accediste con tu usuario y contrase\u00f1a de forma correcta, elige el programa en el que estas registrado\/a a trav\u00e9s de la opci\u00f3n &#8220;PROGRAMAS&#8221; del men\u00fa principal<\/p>\n","protected":false},"author":1,"featured_media":0,"parent":0,"menu_order":0,"comment_status":"closed","ping_status":"closed","template":"","meta":{"footnotes":""},"class_list":["post-2905","page","type-page","status-publish","hentry"],"_links":{"self":[{"href":"https:\/\/www.irudibiziak.com\/eu\/wp-json\/wp\/v2\/pages\/2905","targetHints":{"allow":["GET"]}}],"collection":[{"href":"https:\/\/www.irudibiziak.com\/eu\/wp-json\/wp\/v2\/pages"}],"about":[{"href":"https:\/\/www.irudibiziak.com\/eu\/wp-json\/wp\/v2\/types\/page"}],"author":[{"embeddable":true,"href":"https:\/\/www.irudibiziak.com\/eu\/wp-json\/wp\/v2\/users\/1"}],"replies":[{"embeddable":true,"href":"https:\/\/www.irudibiziak.com\/eu\/wp-json\/wp\/v2\/comments?post=2905"}],"version-history":[{"count":39,"href":"https:\/\/www.irudibiziak.com\/eu\/wp-json\/wp\/v2\/pages\/2905\/revisions"}],"predecessor-version":[{"id":9107,"href":"https:\/\/www.irudibiziak.com\/eu\/wp-json\/wp\/v2\/pages\/2905\/revisions\/9107"}],"wp:attachment":[{"href":"https:\/\/www.irudibiziak.com\/eu\/wp-json\/wp\/v2\/media?parent=2905"}],"curies":[{"name":"wp","href":"https:\/\/api.w.org\/{rel}","templated":true}]}}